{"id":1112,"date":"2022-10-27T17:59:10","date_gmt":"2022-10-27T14:59:10","guid":{"rendered":"https:\/\/atonomik.com\/testat\/privacy-and-security-policy\/"},"modified":"2023-01-13T00:54:06","modified_gmt":"2023-01-12T21:54:06","slug":"gizlilik-ve-guvenlik-politikasi","status":"publish","type":"page","link":"https:\/\/www.atonomik.com\/tr\/gizlilik-ve-guvenlik-politikasi\/","title":{"rendered":"Gizlilik ve G\u00fcvenlik Politikas\u0131"},"content":{"rendered":"<p>[vc_row el_id=&#8221;HeroNarrow&#8221;][vc_column offset=&#8221;vc_col-md-offset-2 vc_col-md-8&#8243; responsive_align=&#8221;text-center&#8221;]<style>.ld_fancy_heading_69fcce839bcbd .lqd-highlight-inner{height:0.275em!important;bottom:0px!important;}<\/style><div class=\"ld-fancy-heading ld_fancy_heading_69fcce839bcbd\">\n\t<h1 class=\"ld-fh-element lqd-highlight-underline lqd-highlight-grow-left text-decoration-default\"   >  G\u00fcvenlik Bildirimi<\/h1><\/div><style>.ld_fancy_heading_69fcce839c119 .lqd-highlight-inner{height:0.275em!important;bottom:0px!important;}<\/style><div class=\"ld-fancy-heading ld_fancy_heading_69fcce839c119\">\n\t<p class=\"ld-fh-element lqd-highlight-underline lqd-highlight-grow-left text-decoration-default\"   >  Veri ve internet g\u00fcvenli\u011fine ili\u015fkin G\u00fcvenlik Bildirimine buradan ula\u015fabilirsiniz.<\/p><\/div><style>.ld_button_69fcce839c3c3 .btn-icon{font-size:18px;}<\/style><a href=\"#\" class=\"btn btn-naked btn-icon-block btn-no-label ld_button_69fcce839c3c3\" data-localscroll=\"true\" data-localscroll-options=\"{&quot;scrollBelowSection&quot;:true}\" >\n\t<span>\n\t\t\n\t\t\t\n\t<span class=\"btn-icon\"><i class=\"fas fa-angle-down\"><\/i><\/span>\t\t\t\t<\/span>\n<\/a>\n[\/vc_column][\/vc_row][vc_row css=&#8221;.vc_custom_1637586216741{padding-top: 60px !important;padding-bottom: 60px !important;}&#8221; el_id=&#8221;faqcontents&#8221;][vc_column enable_pin=&#8221;enable_pin&#8221; width=&#8221;5\/12&#8243; offset=&#8221;vc_col-md-3&#8243; el_id=&#8221;faqnavigation&#8221;]<style>.ld_fancy_heading_69fcce839db42 .lqd-highlight-inner{height:0.275em!important;bottom:0px!important;}<\/style><div class=\"ld-fancy-heading text-left ld_fancy_heading_69fcce839db42\">\n\t<h3 class=\"ld-fh-element lqd-highlight-underline lqd-highlight-grow-left text-decoration-default\"   >  \u0130\u00e7indekiler<\/h3><\/div><style>.ld_custom_menu_69fcce839f2a7 > ul > li > a{font-size:15px;color:rgb(255, 255, 255);}.ld_custom_menu_69fcce839f2a7 > ul > li:not(:last-child){margin-bottom:30px;}.lqd-stickybar > .lqd-head-col > .header-module > .ld_custom_menu_69fcce839f2a7 li{margin-inline-start:30px;}.ld_custom_menu_69fcce839f2a7 > ul > li > a:hover, .ld_custom_menu_69fcce839f2a7 li.is-active > a{color:rgb(220, 11, 92);}<\/style><div  \n\tclass=\"lqd-fancy-menu lqd-custom-menu lqd-menu-td-none ld_custom_menu_69fcce839f2a7\"\n\t>\n\n\t<ul class=\"reset-ul\" id=\"ld_custom_menu_69fcce839f2a7\"  data-localscroll=\"true\" data-localscroll-options=\"{&quot;itemsSelector&quot;:&quot;&gt; li &gt; a&quot;,&quot;trackWindowScroll&quot;:true,&quot;includeParentAsOffset&quot;:false,&quot;offsetElements&quot;:&quot;[data-sticky-header] .lqd-head-sec-wrap:not(.lqd-hide-onstuck), #wpadminbar&quot;}\">\n\t<li><a href=\"#descriptions\" target=\"_blank\"> 1. SSL<\/a><\/li><li><a href=\"#service\" target=\"_blank\"> 2. Kullan\u0131c\u0131 Verilerine Eri\u015fim<\/a><\/li><li><a href=\"#confidentiality\" target=\"_blank\"> 3. Fiziksel G\u00fcvenlik, A\u011f G\u00fcvenli\u011fi ve G\u00fcvenlik Duvar\u0131<\/a><\/li><li><a href=\"#your-content\" target=\"_blank\"> 4. Bilgi Payla\u015f\u0131m\u0131<\/a><\/li><li><a href=\"#copyrights\" target=\"_blank\"> 5. Yedekleme Plan\u0131<\/a><\/li><li><a href=\"#acceptable-uses\" target=\"_blank\"> 6. Toplanan Bilgileri nas\u0131l kullan\u0131r\u0131z?<\/a><\/li>\t<\/ul>\n<\/div>[\/vc_column][vc_column width=&#8221;7\/12&#8243; column_top_ontablet=&#8221;yes&#8221; column_top_onmobile=&#8221;yes&#8221; offset=&#8221;vc_col-md-offset-1 vc_col-md-8&#8243; responsive_css=&#8221;margin_bottom_medium:0px&#8221; css=&#8221;.vc_custom_1673014284578{margin-bottom: 35px !important;}&#8221;]<style>.ld_fancy_heading_69fcce839fa9b .lqd-highlight-inner{height:0.275em!important;bottom:0px!important;}<\/style><div class=\"ld-fancy-heading ld_fancy_heading_69fcce839fa9b\">\n\t<p class=\"ld-fh-element lqd-highlight-underline lqd-highlight-grow-left text-decoration-default\"   >  ATONOM\u0130K VER\u0130 G\u0130ZL\u0130L\u0130\u011e\u0130N\u0130 KORUMA TAAHH\u00dcD\u00dc<\/p><\/div><style>.ld_spacer_69fcce83a2c40{height:30px;}@media (min-width: 992px) { .ld_spacer_69fcce83a2c40{height:50px};}<\/style>\n<div class=\"ld-empty-space ld_spacer_69fcce83a2c40\"><\/div><style>#descriptions .lqd-highlight-inner{height:0.275em!important;bottom:0px!important;}<\/style><div id=\"descriptions\" class=\"ld-fancy-heading ld_fancy_heading_69fcce83a2ed0\">\n\t<h3 class=\"ld-fh-element lqd-highlight-underline lqd-highlight-grow-left text-decoration-default\"   >  SSL<\/h3><\/div><style>.ld_fancy_heading_69fcce83a36fa .lqd-highlight-inner{height:0.275em!important;bottom:0px!important;}<\/style><div class=\"ld-fancy-heading ld_fancy_heading_69fcce83a36fa\">\n\t<p class=\"ld-fh-element lqd-highlight-underline lqd-highlight-grow-left text-decoration-default\"   >  Atonomik sunucular\u0131nda kullan\u0131lan SSL, kullan\u0131c\u0131lar ve sistem aras\u0131ndaki veri ak\u0131\u015f\u0131n\u0131n \u015fifrelenmesini sa\u011flar. Sistem, Bankalarda kullan\u0131lanlara olduk\u00e7a benzer.<\/p><\/div><style>.ld_spacer_69fcce83a389e{height:30px;}@media (min-width: 992px) { .ld_spacer_69fcce83a389e{height:50px};}<\/style>\n<div class=\"ld-empty-space ld_spacer_69fcce83a389e\"><\/div><style>#service .lqd-highlight-inner{height:0.275em!important;bottom:0px!important;}<\/style><div id=\"service\" class=\"ld-fancy-heading ld_fancy_heading_69fcce83a3a61\">\n\t<h3 class=\"ld-fh-element lqd-highlight-underline lqd-highlight-grow-left text-decoration-default\"   >  Kullan\u0131c\u0131 Verilerine Eri\u015fim<\/h3><\/div><style>.ld_fancy_heading_69fcce83a3ccc .lqd-highlight-inner{height:0.275em!important;bottom:0px!important;}<\/style><div class=\"ld-fancy-heading ld_fancy_heading_69fcce83a3ccc\">\n\t<p class=\"ld-fh-element lqd-highlight-underline lqd-highlight-grow-left text-decoration-default\"   >  Siz izin vermedik\u00e7e, hi\u00e7 kimse hesab\u0131n\u0131za eri\u015femez.<\/p><\/div><style>.ld_spacer_69fcce83a3e23{height:30px;}@media (min-width: 992px) { .ld_spacer_69fcce83a3e23{height:50px};}<\/style>\n<div class=\"ld-empty-space ld_spacer_69fcce83a3e23\"><\/div><style>#confidentiality .lqd-highlight-inner{height:0.275em!important;bottom:0px!important;}<\/style><div id=\"confidentiality\" class=\"ld-fancy-heading ld_fancy_heading_69fcce83a3fbc\">\n\t<h3 class=\"ld-fh-element lqd-highlight-underline lqd-highlight-grow-left text-decoration-default\"   >  Fiziksel G\u00fcvenlik, A\u011f G\u00fcvenli\u011fi ve G\u00fcvenlik Duvar\u0131<\/h3><\/div><style>.ld_fancy_heading_69fcce83a41d0 .lqd-highlight-inner{height:0.275em!important;bottom:0px!important;}<\/style><div class=\"ld-fancy-heading ld_fancy_heading_69fcce83a41d0\">\n\t<p class=\"ld-fh-element lqd-highlight-underline lqd-highlight-grow-left text-decoration-default\"   >  Fiziksel G\u00fcvenlik, A\u011f G\u00fcvenli\u011fi ve g\u00fcvenlik duvar\u0131<br \/>\nUygulamam\u0131z\u0131n altyap\u0131s\u0131 ve kullan\u0131c\u0131 bilgi veritabanlar\u0131m\u0131z Sadece Hosting adl\u0131 bir veri merkezinde saklanmaktad\u0131r. Bize sekt\u00f6rdeki en geli\u015fmi\u015f g\u00fcvenlik duvarlar\u0131n\u0131 sa\u011fl\u0131yorlar.<\/p><\/div><style>.ld_spacer_69fcce83a4353{height:30px;}@media (min-width: 992px) { .ld_spacer_69fcce83a4353{height:50px};}<\/style>\n<div class=\"ld-empty-space ld_spacer_69fcce83a4353\"><\/div><style>#your-content .lqd-highlight-inner{height:0.275em!important;bottom:0px!important;}<\/style><div id=\"your-content\" class=\"ld-fancy-heading ld_fancy_heading_69fcce83a451c\">\n\t<h3 class=\"ld-fh-element lqd-highlight-underline lqd-highlight-grow-left text-decoration-default\"   >  Bilgi Payla\u015f\u0131m\u0131<\/h3><\/div><style>.ld_fancy_heading_69fcce83a4761 .lqd-highlight-inner{height:0.275em!important;bottom:0px!important;}<\/style><div class=\"ld-fancy-heading ld_fancy_heading_69fcce83a4761\">\n\t<p class=\"ld-fh-element lqd-highlight-underline lqd-highlight-grow-left text-decoration-default\"   >  Verilerin aktar\u0131lmas\u0131 yaln\u0131zca sizin izninizle m\u00fcmk\u00fcnd\u00fcr. Olduk\u00e7a d\u00fc\u015f\u00fck g\u00fcvenlik d\u00fczeyine sahip ortaklarla asla veri payla\u015fmay\u0131z.<\/p><\/div><style>.ld_spacer_69fcce83a48f8{height:30px;}@media (min-width: 992px) { .ld_spacer_69fcce83a48f8{height:50px};}<\/style>\n<div class=\"ld-empty-space ld_spacer_69fcce83a48f8\"><\/div><style>#copyrights .lqd-highlight-inner{height:0.275em!important;bottom:0px!important;}<\/style><div id=\"copyrights\" class=\"ld-fancy-heading ld_fancy_heading_69fcce83a4a3e\">\n\t<h3 class=\"ld-fh-element lqd-highlight-underline lqd-highlight-grow-left text-decoration-default\"   >  Yedekleme plan\u0131<\/h3><\/div><style>.ld_fancy_heading_69fcce83a4c46 .lqd-highlight-inner{height:0.275em!important;bottom:0px!important;}<\/style><div class=\"ld-fancy-heading ld_fancy_heading_69fcce83a4c46\">\n\t<p class=\"ld-fh-element lqd-highlight-underline lqd-highlight-grow-left text-decoration-default\"   >  Yedekleme planlamam\u0131z, teknik sorunlar olmas\u0131 durumunda g\u00fcnl\u00fck olarak \u00e7al\u0131\u015f\u0131r.<\/p>\n<p>Veri g\u00fcvenli\u011finiz i\u00e7in,<\/p>\n<p>Benzersiz bir \u015fifre se\u00e7in<br \/>\n\u015eifrenizi kimseyle payla\u015fmay\u0131n<br \/>\n\u015eifrenizi bir yere not edip ba\u015fkalar\u0131 i\u00e7in a\u00e7\u0131k b\u0131rakmay\u0131n<br \/>\nTaray\u0131c\u0131n\u0131z\u0131 g\u00fcncelleyin<br \/>\nYaln\u0131zca https:\/\/app.shopiroller.com \u00fczerinden hesab\u0131n\u0131za giri\u015f yapt\u0131\u011f\u0131n\u0131zdan emin olun<br \/>\nUygulama kullan\u0131c\u0131lar\u0131, Google hizmetiyle oturum a\u00e7ma i\u015flemini tan\u0131mlayabilir. Google ile giri\u015f yapan kullan\u0131c\u0131lardan YouTube videolar\u0131n\u0131 be\u011fenme\/be\u011fenmeme yetkisi istenir. Kullan\u0131c\u0131lar istedikleri zaman bu izinleri g\u00f6r\u00fcnt\u00fcleyebilir ve Google g\u00fcvenlik sayfas\u0131ndan (https:\/\/security.google.com\/settings\/security\/permissions) eri\u015fimi kald\u0131rabilir.<\/p><\/div><style>.ld_spacer_69fcce83a4dd7{height:30px;}@media (min-width: 992px) { .ld_spacer_69fcce83a4dd7{height:50px};}<\/style>\n<div class=\"ld-empty-space ld_spacer_69fcce83a4dd7\"><\/div><style>#acceptable-uses .lqd-highlight-inner{height:0.275em!important;bottom:0px!important;}<\/style><div id=\"acceptable-uses\" class=\"ld-fancy-heading ld_fancy_heading_69fcce83a4f2e\">\n\t<h3 class=\"ld-fh-element lqd-highlight-underline lqd-highlight-grow-left text-decoration-default\"   >  Toplanan bilgileri nas\u0131l kullan\u0131r\u0131z?<\/h3><\/div><style>.ld_fancy_heading_69fcce83a5157 .lqd-highlight-inner{height:0.275em!important;bottom:0px!important;}<\/style><div class=\"ld-fancy-heading ld_fancy_heading_69fcce83a5157\">\n\t<p class=\"ld-fh-element lqd-highlight-underline lqd-highlight-grow-left text-decoration-default\"   >  Toplad\u0131\u011f\u0131m\u0131z bilgiler, sundu\u011fumuz hizmeti s\u00fcrd\u00fcrmek, korumak ve iyile\u015ftirmek i\u00e7in kullan\u0131l\u0131r.<br \/>\nHesab\u0131n\u0131za \u00fc\u00e7\u00fcnc\u00fc taraf bir hizmetle (Facebook gibi) ba\u011flan\u0131r ve oturum a\u00e7arsan\u0131z, \u00fc\u00e7\u00fcnc\u00fc taraf hizmetle sa\u011flanan E-posta ve G\u00f6r\u00fcnen Ad gibi bilgiler bu hizmet kapsam\u0131ndaki hizmeti do\u011frulamak, korumak ve iyile\u015ftirmek i\u00e7in kullan\u0131l\u0131r.<\/p>\n<p>Bu bilgiler, o hizmet taraf\u0131ndan veya o hizmetteki gizlilik ayarlar\u0131n\u0131z arac\u0131l\u0131\u011f\u0131yla sizin taraf\u0131n\u0131zdan yetkilendirildi\u011fi \u015fekilde kontrol edilir.<\/p><\/div>[\/vc_column][\/vc_row]<\/p>\n","protected":false},"excerpt":{"rendered":"<p>[vc_row el_id=&#8221;HeroNarrow&#8221;][vc_column offset=&#8221;vc_col-md-offset-2 vc_col-md-8&#8243; responsive_align=&#8221;text-center&#8221;][\/vc_column][\/vc_row][vc_row css=&#8221;.vc_custom_1637586216741{padding-top: 60px !important;padding-bottom: 60px !important;}&#8221; el_id=&#8221;faqcontents&#8221;][vc_column enable_pin=&#8221;enable_pin&#8221; width=&#8221;5\/12&#8243; offset=&#8221;vc_col-md-3&#8243; el_id=&#8221;faqnavigation&#8221;][\/vc_column][vc_column width=&#8221;7\/12&#8243; column_top_ontablet=&#8221;yes&#8221; column_top_onmobile=&#8221;yes&#8221; offset=&#8221;vc_col-md-offset-1 vc_col-md-8&#8243; responsive_css=&#8221;margin_bottom_medium:0px&#8221; css=&#8221;.vc_custom_1673014284578{margin-bottom: 35px !important;}&#8221;][\/vc_column][\/vc_row]<\/p>\n","protected":false},"author":5,"featured_media":0,"parent":0,"menu_order":0,"comment_status":"closed","ping_status":"open","template":"","meta":{"footnotes":""},"class_list":["post-1112","page","type-page","status-publish","hentry"],"yoast_head":"<!-- This site is optimized with the Yoast SEO Premium plugin v20.1 (Yoast SEO v26.7) - https:\/\/yoast.com\/wordpress\/plugins\/seo\/ -->\n<title>Gizlilik ve G\u00fcvenlik Politikas\u0131 - Atonomik<\/title>\n<meta name=\"robots\" content=\"index, follow, max-snippet:-1, max-image-preview:large, max-video-preview:-1\" \/>\n<link rel=\"canonical\" href=\"https:\/\/www.atonomik.com\/tr\/gizlilik-ve-guvenlik-politikasi\/\" \/>\n<meta property=\"og:locale\" content=\"tr_TR\" \/>\n<meta property=\"og:type\" content=\"article\" \/>\n<meta property=\"og:title\" content=\"Gizlilik ve G\u00fcvenlik Politikas\u0131\" \/>\n<meta property=\"og:description\" content=\"[vc_row el_id=&#8221;HeroNarrow&#8221;][vc_column offset=&#8221;vc_col-md-offset-2 vc_col-md-8&#8243; responsive_align=&#8221;text-center&#8221;][\/vc_column][\/vc_row][vc_row css=&#8221;.vc_custom_1637586216741{padding-top: 60px !important;padding-bottom: 60px !important;}&#8221; el_id=&#8221;faqcontents&#8221;][vc_column enable_pin=&#8221;enable_pin&#8221; width=&#8221;5\/12&#8243; offset=&#8221;vc_col-md-3&#8243; el_id=&#8221;faqnavigation&#8221;][\/vc_column][vc_column width=&#8221;7\/12&#8243; column_top_ontablet=&#8221;yes&#8221; column_top_onmobile=&#8221;yes&#8221; offset=&#8221;vc_col-md-offset-1 vc_col-md-8&#8243; responsive_css=&#8221;margin_bottom_medium:0px&#8221; css=&#8221;.vc_custom_1673014284578{margin-bottom: 35px !important;}&#8221;][\/vc_column][\/vc_row]\" \/>\n<meta property=\"og:url\" content=\"https:\/\/www.atonomik.com\/tr\/gizlilik-ve-guvenlik-politikasi\/\" \/>\n<meta property=\"og:site_name\" content=\"Atonomik\" \/>\n<meta property=\"article:publisher\" content=\"https:\/\/facebook.com\/atonomik\" \/>\n<meta property=\"article:modified_time\" content=\"2023-01-12T21:54:06+00:00\" \/>\n<meta name=\"twitter:card\" content=\"summary_large_image\" \/>\n<meta name=\"twitter:site\" content=\"@atonomik\" \/>\n<meta name=\"twitter:label1\" content=\"Tahmini okuma s\u00fcresi\" \/>\n\t<meta name=\"twitter:data1\" content=\"2 dakika\" \/>\n<script type=\"application\/ld+json\" class=\"yoast-schema-graph\">{\"@context\":\"https:\/\/schema.org\",\"@graph\":[{\"@type\":\"WebPage\",\"@id\":\"https:\/\/www.atonomik.com\/tr\/gizlilik-ve-guvenlik-politikasi\/\",\"url\":\"https:\/\/www.atonomik.com\/tr\/gizlilik-ve-guvenlik-politikasi\/\",\"name\":\"Gizlilik ve G\u00fcvenlik Politikas\u0131 - Atonomik\",\"isPartOf\":{\"@id\":\"https:\/\/www.atonomik.com\/tr\/#website\"},\"datePublished\":\"2022-10-27T14:59:10+00:00\",\"dateModified\":\"2023-01-12T21:54:06+00:00\",\"breadcrumb\":{\"@id\":\"https:\/\/www.atonomik.com\/tr\/gizlilik-ve-guvenlik-politikasi\/#breadcrumb\"},\"inLanguage\":\"tr\",\"potentialAction\":[{\"@type\":\"ReadAction\",\"target\":[\"https:\/\/www.atonomik.com\/tr\/gizlilik-ve-guvenlik-politikasi\/\"]}]},{\"@type\":\"BreadcrumbList\",\"@id\":\"https:\/\/www.atonomik.com\/tr\/gizlilik-ve-guvenlik-politikasi\/#breadcrumb\",\"itemListElement\":[{\"@type\":\"ListItem\",\"position\":1,\"name\":\"Anasayfa\",\"item\":\"https:\/\/www.atonomik.com\/tr\/\"},{\"@type\":\"ListItem\",\"position\":2,\"name\":\"Gizlilik ve G\u00fcvenlik Politikas\u0131\"}]},{\"@type\":\"WebSite\",\"@id\":\"https:\/\/www.atonomik.com\/tr\/#website\",\"url\":\"https:\/\/www.atonomik.com\/tr\/\",\"name\":\"Atonomik\",\"description\":\"Software House\",\"publisher\":{\"@id\":\"https:\/\/www.atonomik.com\/tr\/#organization\"},\"potentialAction\":[{\"@type\":\"SearchAction\",\"target\":{\"@type\":\"EntryPoint\",\"urlTemplate\":\"https:\/\/www.atonomik.com\/tr\/?s={search_term_string}\"},\"query-input\":{\"@type\":\"PropertyValueSpecification\",\"valueRequired\":true,\"valueName\":\"search_term_string\"}}],\"inLanguage\":\"tr\"},{\"@type\":\"Organization\",\"@id\":\"https:\/\/www.atonomik.com\/tr\/#organization\",\"name\":\"Atonomik\",\"url\":\"https:\/\/www.atonomik.com\/tr\/\",\"logo\":{\"@type\":\"ImageObject\",\"inLanguage\":\"tr\",\"@id\":\"https:\/\/www.atonomik.com\/tr\/#\/schema\/logo\/image\/\",\"url\":\"https:\/\/www.atonomik.com\/wp-content\/uploads\/atonomik-footer-logo.png\",\"contentUrl\":\"https:\/\/www.atonomik.com\/wp-content\/uploads\/atonomik-footer-logo.png\",\"width\":598,\"height\":376,\"caption\":\"Atonomik\"},\"image\":{\"@id\":\"https:\/\/www.atonomik.com\/tr\/#\/schema\/logo\/image\/\"},\"sameAs\":[\"https:\/\/facebook.com\/atonomik\",\"https:\/\/x.com\/atonomik\",\"https:\/\/www.instagram.com\/atonomikcom\/\"]}]}<\/script>\n<!-- \/ Yoast SEO Premium plugin. -->","yoast_head_json":{"title":"Gizlilik ve G\u00fcvenlik Politikas\u0131 - Atonomik","robots":{"index":"index","follow":"follow","max-snippet":"max-snippet:-1","max-image-preview":"max-image-preview:large","max-video-preview":"max-video-preview:-1"},"canonical":"https:\/\/www.atonomik.com\/tr\/gizlilik-ve-guvenlik-politikasi\/","og_locale":"tr_TR","og_type":"article","og_title":"Gizlilik ve G\u00fcvenlik Politikas\u0131","og_description":"[vc_row el_id=&#8221;HeroNarrow&#8221;][vc_column offset=&#8221;vc_col-md-offset-2 vc_col-md-8&#8243; responsive_align=&#8221;text-center&#8221;][\/vc_column][\/vc_row][vc_row css=&#8221;.vc_custom_1637586216741{padding-top: 60px !important;padding-bottom: 60px !important;}&#8221; el_id=&#8221;faqcontents&#8221;][vc_column enable_pin=&#8221;enable_pin&#8221; width=&#8221;5\/12&#8243; offset=&#8221;vc_col-md-3&#8243; el_id=&#8221;faqnavigation&#8221;][\/vc_column][vc_column width=&#8221;7\/12&#8243; column_top_ontablet=&#8221;yes&#8221; column_top_onmobile=&#8221;yes&#8221; offset=&#8221;vc_col-md-offset-1 vc_col-md-8&#8243; responsive_css=&#8221;margin_bottom_medium:0px&#8221; css=&#8221;.vc_custom_1673014284578{margin-bottom: 35px !important;}&#8221;][\/vc_column][\/vc_row]","og_url":"https:\/\/www.atonomik.com\/tr\/gizlilik-ve-guvenlik-politikasi\/","og_site_name":"Atonomik","article_publisher":"https:\/\/facebook.com\/atonomik","article_modified_time":"2023-01-12T21:54:06+00:00","twitter_card":"summary_large_image","twitter_site":"@atonomik","twitter_misc":{"Tahmini okuma s\u00fcresi":"2 dakika"},"schema":{"@context":"https:\/\/schema.org","@graph":[{"@type":"WebPage","@id":"https:\/\/www.atonomik.com\/tr\/gizlilik-ve-guvenlik-politikasi\/","url":"https:\/\/www.atonomik.com\/tr\/gizlilik-ve-guvenlik-politikasi\/","name":"Gizlilik ve G\u00fcvenlik Politikas\u0131 - Atonomik","isPartOf":{"@id":"https:\/\/www.atonomik.com\/tr\/#website"},"datePublished":"2022-10-27T14:59:10+00:00","dateModified":"2023-01-12T21:54:06+00:00","breadcrumb":{"@id":"https:\/\/www.atonomik.com\/tr\/gizlilik-ve-guvenlik-politikasi\/#breadcrumb"},"inLanguage":"tr","potentialAction":[{"@type":"ReadAction","target":["https:\/\/www.atonomik.com\/tr\/gizlilik-ve-guvenlik-politikasi\/"]}]},{"@type":"BreadcrumbList","@id":"https:\/\/www.atonomik.com\/tr\/gizlilik-ve-guvenlik-politikasi\/#breadcrumb","itemListElement":[{"@type":"ListItem","position":1,"name":"Anasayfa","item":"https:\/\/www.atonomik.com\/tr\/"},{"@type":"ListItem","position":2,"name":"Gizlilik ve G\u00fcvenlik Politikas\u0131"}]},{"@type":"WebSite","@id":"https:\/\/www.atonomik.com\/tr\/#website","url":"https:\/\/www.atonomik.com\/tr\/","name":"Atonomik","description":"Software House","publisher":{"@id":"https:\/\/www.atonomik.com\/tr\/#organization"},"potentialAction":[{"@type":"SearchAction","target":{"@type":"EntryPoint","urlTemplate":"https:\/\/www.atonomik.com\/tr\/?s={search_term_string}"},"query-input":{"@type":"PropertyValueSpecification","valueRequired":true,"valueName":"search_term_string"}}],"inLanguage":"tr"},{"@type":"Organization","@id":"https:\/\/www.atonomik.com\/tr\/#organization","name":"Atonomik","url":"https:\/\/www.atonomik.com\/tr\/","logo":{"@type":"ImageObject","inLanguage":"tr","@id":"https:\/\/www.atonomik.com\/tr\/#\/schema\/logo\/image\/","url":"https:\/\/www.atonomik.com\/wp-content\/uploads\/atonomik-footer-logo.png","contentUrl":"https:\/\/www.atonomik.com\/wp-content\/uploads\/atonomik-footer-logo.png","width":598,"height":376,"caption":"Atonomik"},"image":{"@id":"https:\/\/www.atonomik.com\/tr\/#\/schema\/logo\/image\/"},"sameAs":["https:\/\/facebook.com\/atonomik","https:\/\/x.com\/atonomik","https:\/\/www.instagram.com\/atonomikcom\/"]}]}},"_links":{"self":[{"href":"https:\/\/www.atonomik.com\/tr\/wp-json\/wp\/v2\/pages\/1112","targetHints":{"allow":["GET"]}}],"collection":[{"href":"https:\/\/www.atonomik.com\/tr\/wp-json\/wp\/v2\/pages"}],"about":[{"href":"https:\/\/www.atonomik.com\/tr\/wp-json\/wp\/v2\/types\/page"}],"author":[{"embeddable":true,"href":"https:\/\/www.atonomik.com\/tr\/wp-json\/wp\/v2\/users\/5"}],"replies":[{"embeddable":true,"href":"https:\/\/www.atonomik.com\/tr\/wp-json\/wp\/v2\/comments?post=1112"}],"version-history":[{"count":0,"href":"https:\/\/www.atonomik.com\/tr\/wp-json\/wp\/v2\/pages\/1112\/revisions"}],"wp:attachment":[{"href":"https:\/\/www.atonomik.com\/tr\/wp-json\/wp\/v2\/media?parent=1112"}],"curies":[{"name":"wp","href":"https:\/\/api.w.org\/{rel}","templated":true}]}}